{"id":95,"date":"2017-10-12T14:02:27","date_gmt":"2017-10-12T14:02:27","guid":{"rendered":"http:\/\/www.legalconsult.cz\/?page_id=95"},"modified":"2022-10-21T18:12:12","modified_gmt":"2022-10-21T18:12:12","slug":"ochrana-osobnich-udaju","status":"publish","type":"page","link":"https:\/\/www.legalconsult.cz\/index.php\/ochrana-osobnich-udaju\/","title":{"rendered":"Trestn\u00ed pr\u00e1vo"},"content":{"rendered":"<ul>\n<li><span style=\"color: #333399;\">poradenstv\u00ed, konzultace, anal\u00fdzy :<\/span><\/li>\n<\/ul>\n<p><span style=\"color: #808080;\">p\u0159ed zah\u00e1jen\u00edm i po zah\u00e1jen\u00ed trestn\u00edho st\u00edh\u00e1n\u00ed<\/span><\/p>\n<p><span style=\"color: #808080;\">p\u0159i zpracov\u00e1n\u00ed trestn\u00edho ozn\u00e1men\u00ed nebo \u00favah\u00e1ch o jeho pod\u00e1n\u00ed<\/span><\/p>\n<p><span style=\"color: #808080; font-size: 1rem;\">bezpe\u010dnost a prevence \u0161kodliv\u00e9ho jedn\u00e1n\u00ed<\/span><\/p>\n<p><span style=\"color: #808080; font-size: 1rem;\">ochrana ob\u011bt\u00ed a po\u0161kozen\u00fdch<\/span><\/p>\n<ul>\n<li><span style=\"color: #333399;\">zastupov\u00e1n\u00ed <\/span><span style=\"color: #333399; font-size: 1rem;\">p\u0159ed soudem a org\u00e1ny \u010dinn\u00fdmi v trestn\u00edm \u0159\u00edzen\u00ed<\/span><\/li>\n<\/ul>\n<p><span style=\"color: #808080;\">osobn\u00ed obhajoba a \u00fa\u010dast u v\u0161ech procesn\u00edch \u00fakon\u016f v\u010detn\u011b t\u011bch, jich\u017e se obvin\u011bn\u00fd nebo podez\u0159el\u00fd nem\u016f\u017ee \u00fa\u010dastnit<\/span><\/p>\n<p><span style=\"color: #808080;\">zpracov\u00e1n\u00ed procesn\u00edch \u00fakon\u016f v r\u00e1mci trestn\u00edho \u0159\u00edzen\u00ed (pod\u00e1n\u00ed, st\u00ed\u017enosti, n\u00e1vrhy, odvol\u00e1n\u00ed, dovol\u00e1n\u00ed, \u017e\u00e1dosti atd.)<\/span><\/p>\n<ul>\n<li><span style=\"color: #333399;\">zastupov\u00e1n\u00ed po\u0161kozen\u00e9ho nebo ob\u011bti trestn\u00e9 \u010dinnosti<\/span><\/li>\n<\/ul>\n<p><span style=\"color: #808080;\">osobn\u00ed zastoupen\u00ed v\u010detn\u011b osobn\u00ed \u00fa\u010dasti u procesn\u00edch \u00fakon\u016f<\/span><\/p>\n<p><span style=\"color: #808080;\">uplatn\u011bn\u00ed n\u00e1roku na n\u00e1hradu \u0161kody<\/span><\/p>\n<ul>\n<li><span style=\"color: #333399;\">spory o n\u00e1hradu \u0161kody zp\u016fsoben\u00e9 trestn\u00fdm \u010dinem&nbsp;<\/span><\/li>\n<\/ul>\n","protected":false},"excerpt":{"rendered":"<p>poradenstv\u00ed, konzultace, anal\u00fdzy : p\u0159ed zah\u00e1jen\u00edm i po zah\u00e1jen\u00ed trestn\u00edho st\u00edh\u00e1n\u00ed p\u0159i zpracov\u00e1n\u00ed trestn\u00edho ozn\u00e1men\u00ed nebo \u00favah\u00e1ch o jeho pod\u00e1n\u00ed bezpe\u010dnost a prevence \u0161kodliv\u00e9ho jedn\u00e1n\u00ed ochrana ob\u011bt\u00ed a po\u0161kozen\u00fdch zastupov\u00e1n\u00ed p\u0159ed soudem a org\u00e1ny \u010dinn\u00fdmi v trestn\u00edm \u0159\u00edzen\u00ed osobn\u00ed obhajoba a \u00fa\u010dast u v\u0161ech procesn\u00edch \u00fakon\u016f v\u010detn\u011b t\u011bch, jich\u017e se obvin\u011bn\u00fd nebo podez\u0159el\u00fd nem\u016f\u017ee \u00fa\u010dastnit [&hellip;]<\/p>\n","protected":false},"author":1,"featured_media":0,"parent":0,"menu_order":0,"comment_status":"closed","ping_status":"closed","template":"","meta":{"ocean_post_layout":"full-screen","ocean_both_sidebars_style":"","ocean_both_sidebars_content_width":0,"ocean_both_sidebars_sidebars_width":0,"ocean_sidebar":"0","ocean_second_sidebar":"0","ocean_disable_margins":"enable","ocean_add_body_class":"","ocean_shortcode_before_top_bar":"","ocean_shortcode_after_top_bar":"","ocean_shortcode_before_header":"","ocean_shortcode_after_header":"","ocean_has_shortcode":"","ocean_shortcode_after_title":"","ocean_shortcode_before_footer_widgets":"","ocean_shortcode_after_footer_widgets":"","ocean_shortcode_before_footer_bottom":"","ocean_shortcode_after_footer_bottom":"","ocean_display_top_bar":"off","ocean_display_header":"default","ocean_header_style":"","ocean_center_header_left_menu":"0","ocean_custom_header_template":"0","ocean_custom_logo":0,"ocean_custom_retina_logo":0,"ocean_custom_logo_max_width":0,"ocean_custom_logo_tablet_max_width":0,"ocean_custom_logo_mobile_max_width":0,"ocean_custom_logo_max_height":0,"ocean_custom_logo_tablet_max_height":0,"ocean_custom_logo_mobile_max_height":0,"ocean_header_custom_menu":"0","ocean_menu_typo_font_family":"0","ocean_menu_typo_font_subset":"","ocean_menu_typo_font_size":0,"ocean_menu_typo_font_size_tablet":0,"ocean_menu_typo_font_size_mobile":0,"ocean_menu_typo_font_size_unit":"px","ocean_menu_typo_font_weight":"","ocean_menu_typo_font_weight_tablet":"","ocean_menu_typo_font_weight_mobile":"","ocean_menu_typo_transform":"","ocean_menu_typo_transform_tablet":"","ocean_menu_typo_transform_mobile":"","ocean_menu_typo_line_height":0,"ocean_menu_typo_line_height_tablet":0,"ocean_menu_typo_line_height_mobile":0,"ocean_menu_typo_line_height_unit":"","ocean_menu_typo_spacing":0,"ocean_menu_typo_spacing_tablet":0,"ocean_menu_typo_spacing_mobile":0,"ocean_menu_typo_spacing_unit":"","ocean_menu_link_color":"","ocean_menu_link_color_hover":"","ocean_menu_link_color_active":"","ocean_menu_link_background":"","ocean_menu_link_hover_background":"","ocean_menu_link_active_background":"","ocean_menu_social_links_bg":"","ocean_menu_social_hover_links_bg":"","ocean_menu_social_links_color":"","ocean_menu_social_hover_links_color":"","ocean_disable_title":"on","ocean_disable_heading":"default","ocean_post_title":"","ocean_post_subheading":"","ocean_post_title_style":"","ocean_post_title_background_color":"","ocean_post_title_background":0,"ocean_post_title_bg_image_position":"","ocean_post_title_bg_image_attachment":"","ocean_post_title_bg_image_repeat":"","ocean_post_title_bg_image_size":"","ocean_post_title_height":0,"ocean_post_title_bg_overlay":0.5,"ocean_post_title_bg_overlay_color":"","ocean_disable_breadcrumbs":"default","ocean_breadcrumbs_color":"","ocean_breadcrumbs_separator_color":"","ocean_breadcrumbs_links_color":"","ocean_breadcrumbs_links_hover_color":"","ocean_display_footer_widgets":"off","ocean_display_footer_bottom":"off","ocean_custom_footer_template":"0","footnotes":""},"class_list":["post-95","page","type-page","status-publish","hentry","entry"],"_links":{"self":[{"href":"https:\/\/www.legalconsult.cz\/index.php\/wp-json\/wp\/v2\/pages\/95","targetHints":{"allow":["GET"]}}],"collection":[{"href":"https:\/\/www.legalconsult.cz\/index.php\/wp-json\/wp\/v2\/pages"}],"about":[{"href":"https:\/\/www.legalconsult.cz\/index.php\/wp-json\/wp\/v2\/types\/page"}],"author":[{"embeddable":true,"href":"https:\/\/www.legalconsult.cz\/index.php\/wp-json\/wp\/v2\/users\/1"}],"replies":[{"embeddable":true,"href":"https:\/\/www.legalconsult.cz\/index.php\/wp-json\/wp\/v2\/comments?post=95"}],"version-history":[{"count":18,"href":"https:\/\/www.legalconsult.cz\/index.php\/wp-json\/wp\/v2\/pages\/95\/revisions"}],"predecessor-version":[{"id":479,"href":"https:\/\/www.legalconsult.cz\/index.php\/wp-json\/wp\/v2\/pages\/95\/revisions\/479"}],"wp:attachment":[{"href":"https:\/\/www.legalconsult.cz\/index.php\/wp-json\/wp\/v2\/media?parent=95"}],"curies":[{"name":"wp","href":"https:\/\/api.w.org\/{rel}","templated":true}]}}