{"id":87,"date":"2017-10-05T07:22:02","date_gmt":"2017-10-05T07:22:02","guid":{"rendered":"http:\/\/www.legalconsult.cz\/?page_id=87"},"modified":"2022-10-21T18:11:48","modified_gmt":"2022-10-21T18:11:48","slug":"smlouvy","status":"publish","type":"page","link":"https:\/\/www.legalconsult.cz\/index.php\/smlouvy\/","title":{"rendered":"Smluvn\u00ed pr\u00e1vo"},"content":{"rendered":"<ul>\n<li><span style=\"color: #333399;\">tvorba a posuzov\u00e1n\u00ed typov\u00fdch smluv, tj. :<\/span><\/li>\n<\/ul>\n<p><span style=\"color: #808080;\">kupn\u00ed smlouva &nbsp; &nbsp;&nbsp;<\/span><span style=\"color: #808080;\">darovac\u00ed smlouva &nbsp; &nbsp;&nbsp;<\/span><span style=\"color: #808080;\">n\u00e1jemn\u00ed a podn\u00e1jemn\u00ed smlouva &nbsp; &nbsp; &nbsp;<\/span><span style=\"color: #808080;\">smlouva o d\u00edlo &nbsp; &nbsp;&nbsp;<\/span><span style=\"color: #808080;\">zaopat\u0159ovac\u00ed smlouva &nbsp; &nbsp; &nbsp;&nbsp;<\/span><span style=\"color: #808080;\">smlouva o p\u016fj\u010dce &nbsp;\/ v\u00fdp\u016fj\u010dce &nbsp; &nbsp;<\/span><span style=\"color: #808080; font-size: 1rem;\">prohl\u00e1\u0161en\u00ed vlastn\u00edka &nbsp; &nbsp;<\/span><span style=\"color: #808080;\">&nbsp; &nbsp;&nbsp;<\/span><span style=\"color: #808080;\">z\u0159\u00edzen\u00ed nebo zru\u0161en\u00ed v\u011bcn\u00e9ho b\u0159emene &nbsp; &nbsp; &nbsp; &nbsp;p\u0159evod a zaji\u0161t\u011bn\u00ed z\u00e1vazk\u016f&nbsp; &nbsp; &nbsp;a dal\u0161\u00ed<\/span><\/p>\n<ul>\n<li><span style=\"color: #333399;\">tvorba individu\u00e1ln\u00edch smluv dle specifick\u00fdch po\u017eadavk\u016f, tj. :<\/span><\/li>\n<\/ul>\n<p><span style=\"color: #808080;\">tvorba zcela individu\u00e1ln\u00edch smluv tzv. na m\u00edru<\/span><\/p>\n<p><span style=\"color: #808080;\">r\u00e1mcov\u00e9 a individu\u00e1ln\u00ed smlouvy o spolupr\u00e1ci mezi podnikateli<\/span><\/p>\n<p><span style=\"color: #808080;\">smlouvy t\u00fdkaj\u00edc\u00ed se zpracov\u00e1n\u00ed osobn\u00edch \u00fadaj\u016f<\/span><\/p>\n<p><span style=\"color: #808080;\">tvorba obchodn\u00edch podm\u00ednek<\/span><\/p>\n<ul>\n<li><span style=\"color: #333399;\">vypo\u0159\u00e1d\u00e1n\u00ed majetku :<\/span><\/li>\n<\/ul>\n<p><span style=\"color: #808080;\">vypo\u0159\u00e1d\u00e1n\u00ed spole\u010dn\u00e9ho jm\u011bn\u00ed man\u017eel\u016f<\/span><\/p>\n<p><span style=\"color: #808080;\">zru\u0161en\u00ed&nbsp;a vypo\u0159\u00e1d\u00e1n\u00ed&nbsp;pod\u00edlov\u00e9ho spoluvlastnictv\u00ed<\/span><\/p>\n<p><span style=\"color: #808080;\">\u0159e\u0161en\u00ed investic a vnos\u016f do majetkov\u00e9ho spole\u010denstv\u00ed<\/span><\/p>\n<p><span style=\"color: #808080;\">smlouvy o uzn\u00e1n\u00ed dluhu \/ z\u00e1vazku a jeho \u00fahrad\u011b<\/span><\/p>\n","protected":false},"excerpt":{"rendered":"<p>tvorba a posuzov\u00e1n\u00ed typov\u00fdch smluv, tj. : kupn\u00ed smlouva &nbsp; &nbsp;&nbsp;darovac\u00ed smlouva &nbsp; &nbsp;&nbsp;n\u00e1jemn\u00ed a podn\u00e1jemn\u00ed smlouva &nbsp; &nbsp; &nbsp;smlouva o d\u00edlo &nbsp; &nbsp;&nbsp;zaopat\u0159ovac\u00ed smlouva &nbsp; &nbsp; &nbsp;&nbsp;smlouva o p\u016fj\u010dce &nbsp;\/ v\u00fdp\u016fj\u010dce &nbsp; &nbsp;prohl\u00e1\u0161en\u00ed vlastn\u00edka &nbsp; &nbsp;&nbsp; &nbsp;&nbsp;z\u0159\u00edzen\u00ed nebo zru\u0161en\u00ed v\u011bcn\u00e9ho b\u0159emene &nbsp; &nbsp; &nbsp; &nbsp;p\u0159evod a zaji\u0161t\u011bn\u00ed z\u00e1vazk\u016f&nbsp; &nbsp; &nbsp;a dal\u0161\u00ed tvorba individu\u00e1ln\u00edch smluv [&hellip;]<\/p>\n","protected":false},"author":1,"featured_media":0,"parent":0,"menu_order":0,"comment_status":"closed","ping_status":"closed","template":"","meta":{"ocean_post_layout":"full-screen","ocean_both_sidebars_style":"","ocean_both_sidebars_content_width":0,"ocean_both_sidebars_sidebars_width":0,"ocean_sidebar":"0","ocean_second_sidebar":"0","ocean_disable_margins":"enable","ocean_add_body_class":"","ocean_shortcode_before_top_bar":"","ocean_shortcode_after_top_bar":"","ocean_shortcode_before_header":"","ocean_shortcode_after_header":"","ocean_has_shortcode":"","ocean_shortcode_after_title":"","ocean_shortcode_before_footer_widgets":"","ocean_shortcode_after_footer_widgets":"","ocean_shortcode_before_footer_bottom":"","ocean_shortcode_after_footer_bottom":"","ocean_display_top_bar":"off","ocean_display_header":"default","ocean_header_style":"","ocean_center_header_left_menu":"0","ocean_custom_header_template":"0","ocean_custom_logo":0,"ocean_custom_retina_logo":0,"ocean_custom_logo_max_width":0,"ocean_custom_logo_tablet_max_width":0,"ocean_custom_logo_mobile_max_width":0,"ocean_custom_logo_max_height":0,"ocean_custom_logo_tablet_max_height":0,"ocean_custom_logo_mobile_max_height":0,"ocean_header_custom_menu":"0","ocean_menu_typo_font_family":"0","ocean_menu_typo_font_subset":"","ocean_menu_typo_font_size":0,"ocean_menu_typo_font_size_tablet":0,"ocean_menu_typo_font_size_mobile":0,"ocean_menu_typo_font_size_unit":"px","ocean_menu_typo_font_weight":"","ocean_menu_typo_font_weight_tablet":"","ocean_menu_typo_font_weight_mobile":"","ocean_menu_typo_transform":"","ocean_menu_typo_transform_tablet":"","ocean_menu_typo_transform_mobile":"","ocean_menu_typo_line_height":0,"ocean_menu_typo_line_height_tablet":0,"ocean_menu_typo_line_height_mobile":0,"ocean_menu_typo_line_height_unit":"","ocean_menu_typo_spacing":0,"ocean_menu_typo_spacing_tablet":0,"ocean_menu_typo_spacing_mobile":0,"ocean_menu_typo_spacing_unit":"","ocean_menu_link_color":"","ocean_menu_link_color_hover":"","ocean_menu_link_color_active":"","ocean_menu_link_background":"","ocean_menu_link_hover_background":"","ocean_menu_link_active_background":"","ocean_menu_social_links_bg":"","ocean_menu_social_hover_links_bg":"","ocean_menu_social_links_color":"","ocean_menu_social_hover_links_color":"","ocean_disable_title":"on","ocean_disable_heading":"default","ocean_post_title":"","ocean_post_subheading":"","ocean_post_title_style":"","ocean_post_title_background_color":"","ocean_post_title_background":0,"ocean_post_title_bg_image_position":"","ocean_post_title_bg_image_attachment":"","ocean_post_title_bg_image_repeat":"","ocean_post_title_bg_image_size":"","ocean_post_title_height":0,"ocean_post_title_bg_overlay":0.5,"ocean_post_title_bg_overlay_color":"","ocean_disable_breadcrumbs":"default","ocean_breadcrumbs_color":"","ocean_breadcrumbs_separator_color":"","ocean_breadcrumbs_links_color":"","ocean_breadcrumbs_links_hover_color":"","ocean_display_footer_widgets":"off","ocean_display_footer_bottom":"off","ocean_custom_footer_template":"0","footnotes":""},"class_list":["post-87","page","type-page","status-publish","hentry","entry"],"_links":{"self":[{"href":"https:\/\/www.legalconsult.cz\/index.php\/wp-json\/wp\/v2\/pages\/87","targetHints":{"allow":["GET"]}}],"collection":[{"href":"https:\/\/www.legalconsult.cz\/index.php\/wp-json\/wp\/v2\/pages"}],"about":[{"href":"https:\/\/www.legalconsult.cz\/index.php\/wp-json\/wp\/v2\/types\/page"}],"author":[{"embeddable":true,"href":"https:\/\/www.legalconsult.cz\/index.php\/wp-json\/wp\/v2\/users\/1"}],"replies":[{"embeddable":true,"href":"https:\/\/www.legalconsult.cz\/index.php\/wp-json\/wp\/v2\/comments?post=87"}],"version-history":[{"count":28,"href":"https:\/\/www.legalconsult.cz\/index.php\/wp-json\/wp\/v2\/pages\/87\/revisions"}],"predecessor-version":[{"id":478,"href":"https:\/\/www.legalconsult.cz\/index.php\/wp-json\/wp\/v2\/pages\/87\/revisions\/478"}],"wp:attachment":[{"href":"https:\/\/www.legalconsult.cz\/index.php\/wp-json\/wp\/v2\/media?parent=87"}],"curies":[{"name":"wp","href":"https:\/\/api.w.org\/{rel}","templated":true}]}}