{"id":215,"date":"2017-10-13T12:24:24","date_gmt":"2017-10-13T12:24:24","guid":{"rendered":"http:\/\/www.legalconsult.cz\/?page_id=215"},"modified":"2022-10-21T18:11:23","modified_gmt":"2022-10-21T18:11:23","slug":"pro-bono","status":"publish","type":"page","link":"https:\/\/www.legalconsult.cz\/index.php\/pro-bono\/","title":{"rendered":"Pro Bono"},"content":{"rendered":"<p>P\u0159esto\u017ee podle z\u00e1kona o advokacii poskytuj\u00ed advok\u00e1ti pr\u00e1vn\u00ed slu\u017eby za odm\u011bnu, zapojuji se tak\u00e9 do obecn\u011b prosp\u011b\u0161n\u00fdch aktivit, nap\u0159. v r\u00e1mci projektu \u010cAK <a href=\"https:\/\/www.cak.cz\/scripts\/detail.php?id=19639\">Advok\u00e1ti do \u0161kol<\/a>.<\/p>\n<p><strong>V od\u016fvodn\u011bn\u00fdch p\u0159\u00edpadech poskytuji slu\u017eby pro bono individu\u00e1ln\u00edm klient\u016fm, jejich\u017e pr\u00e1vn\u00ed situace nesnese odkladu. Podm\u00ednkou je, \u017ee se jedn\u00e1 o jednor\u00e1zovou slu\u017ebu vy\u017eaduj\u00edc\u00ed \u010dasovou dotaci, kterou jsem schopna v r\u00e1mci ostatn\u00edho pracovn\u00edho programu \u010dasov\u011b zvl\u00e1dnout.<\/strong><\/p>\n<p>V opa\u010dn\u00e9m p\u0159\u00edpad\u011b odkazuji klienty na bezplatnou pr\u00e1vn\u00ed poradnu, nap\u0159.&nbsp;<a href=\"http:\/\/www.charitafm.cz\">http:\/\/www.charitafm.cz<\/a> anebo je pot\u0159eba obr\u00e1tit se na region\u00e1ln\u00edho p\u0159edstavitele \u010cesk\u00e9 advok\u00e1tn\u00ed komory s \u017e\u00e1dost\u00ed o ur\u010den\u00ed advok\u00e1ta k poskytnut\u00ed kr\u00e1tk\u00e9 bezplatn\u00e9 porady &nbsp;&#8211; bl\u00ed\u017ee viz.&nbsp;<a href=\"http:\/\/www.advokati-ostrava.cz\/bezplatna-pravni-pomoc.php\">http:\/\/www.advokati-ostrava.cz\/bezplatna-pravni-pomoc.php<\/a><\/p>\n","protected":false},"excerpt":{"rendered":"<p>P\u0159esto\u017ee podle z\u00e1kona o advokacii poskytuj\u00ed advok\u00e1ti pr\u00e1vn\u00ed slu\u017eby za odm\u011bnu, zapojuji se tak\u00e9 do obecn\u011b prosp\u011b\u0161n\u00fdch aktivit, nap\u0159. v r\u00e1mci projektu \u010cAK Advok\u00e1ti do \u0161kol. V od\u016fvodn\u011bn\u00fdch p\u0159\u00edpadech poskytuji slu\u017eby pro bono individu\u00e1ln\u00edm klient\u016fm, jejich\u017e pr\u00e1vn\u00ed situace nesnese odkladu. Podm\u00ednkou je, \u017ee se jedn\u00e1 o jednor\u00e1zovou slu\u017ebu vy\u017eaduj\u00edc\u00ed \u010dasovou dotaci, kterou jsem schopna v [&hellip;]<\/p>\n","protected":false},"author":1,"featured_media":0,"parent":0,"menu_order":0,"comment_status":"closed","ping_status":"closed","template":"","meta":{"ocean_post_layout":"full-screen","ocean_both_sidebars_style":"","ocean_both_sidebars_content_width":0,"ocean_both_sidebars_sidebars_width":0,"ocean_sidebar":"0","ocean_second_sidebar":"0","ocean_disable_margins":"enable","ocean_add_body_class":"","ocean_shortcode_before_top_bar":"","ocean_shortcode_after_top_bar":"","ocean_shortcode_before_header":"","ocean_shortcode_after_header":"","ocean_has_shortcode":"","ocean_shortcode_after_title":"","ocean_shortcode_before_footer_widgets":"","ocean_shortcode_after_footer_widgets":"","ocean_shortcode_before_footer_bottom":"","ocean_shortcode_after_footer_bottom":"","ocean_display_top_bar":"off","ocean_display_header":"default","ocean_header_style":"","ocean_center_header_left_menu":"0","ocean_custom_header_template":"0","ocean_custom_logo":0,"ocean_custom_retina_logo":0,"ocean_custom_logo_max_width":0,"ocean_custom_logo_tablet_max_width":0,"ocean_custom_logo_mobile_max_width":0,"ocean_custom_logo_max_height":0,"ocean_custom_logo_tablet_max_height":0,"ocean_custom_logo_mobile_max_height":0,"ocean_header_custom_menu":"0","ocean_menu_typo_font_family":"0","ocean_menu_typo_font_subset":"","ocean_menu_typo_font_size":0,"ocean_menu_typo_font_size_tablet":0,"ocean_menu_typo_font_size_mobile":0,"ocean_menu_typo_font_size_unit":"px","ocean_menu_typo_font_weight":"","ocean_menu_typo_font_weight_tablet":"","ocean_menu_typo_font_weight_mobile":"","ocean_menu_typo_transform":"","ocean_menu_typo_transform_tablet":"","ocean_menu_typo_transform_mobile":"","ocean_menu_typo_line_height":0,"ocean_menu_typo_line_height_tablet":0,"ocean_menu_typo_line_height_mobile":0,"ocean_menu_typo_line_height_unit":"","ocean_menu_typo_spacing":0,"ocean_menu_typo_spacing_tablet":0,"ocean_menu_typo_spacing_mobile":0,"ocean_menu_typo_spacing_unit":"","ocean_menu_link_color":"","ocean_menu_link_color_hover":"","ocean_menu_link_color_active":"","ocean_menu_link_background":"","ocean_menu_link_hover_background":"","ocean_menu_link_active_background":"","ocean_menu_social_links_bg":"","ocean_menu_social_hover_links_bg":"","ocean_menu_social_links_color":"","ocean_menu_social_hover_links_color":"","ocean_disable_title":"on","ocean_disable_heading":"default","ocean_post_title":"","ocean_post_subheading":"","ocean_post_title_style":"","ocean_post_title_background_color":"","ocean_post_title_background":0,"ocean_post_title_bg_image_position":"","ocean_post_title_bg_image_attachment":"","ocean_post_title_bg_image_repeat":"","ocean_post_title_bg_image_size":"","ocean_post_title_height":0,"ocean_post_title_bg_overlay":0.5,"ocean_post_title_bg_overlay_color":"","ocean_disable_breadcrumbs":"default","ocean_breadcrumbs_color":"","ocean_breadcrumbs_separator_color":"","ocean_breadcrumbs_links_color":"","ocean_breadcrumbs_links_hover_color":"","ocean_display_footer_widgets":"off","ocean_display_footer_bottom":"off","ocean_custom_footer_template":"0","footnotes":""},"class_list":["post-215","page","type-page","status-publish","hentry","entry"],"_links":{"self":[{"href":"https:\/\/www.legalconsult.cz\/index.php\/wp-json\/wp\/v2\/pages\/215","targetHints":{"allow":["GET"]}}],"collection":[{"href":"https:\/\/www.legalconsult.cz\/index.php\/wp-json\/wp\/v2\/pages"}],"about":[{"href":"https:\/\/www.legalconsult.cz\/index.php\/wp-json\/wp\/v2\/types\/page"}],"author":[{"embeddable":true,"href":"https:\/\/www.legalconsult.cz\/index.php\/wp-json\/wp\/v2\/users\/1"}],"replies":[{"embeddable":true,"href":"https:\/\/www.legalconsult.cz\/index.php\/wp-json\/wp\/v2\/comments?post=215"}],"version-history":[{"count":13,"href":"https:\/\/www.legalconsult.cz\/index.php\/wp-json\/wp\/v2\/pages\/215\/revisions"}],"predecessor-version":[{"id":477,"href":"https:\/\/www.legalconsult.cz\/index.php\/wp-json\/wp\/v2\/pages\/215\/revisions\/477"}],"wp:attachment":[{"href":"https:\/\/www.legalconsult.cz\/index.php\/wp-json\/wp\/v2\/media?parent=215"}],"curies":[{"name":"wp","href":"https:\/\/api.w.org\/{rel}","templated":true}]}}