{"id":207,"date":"2017-10-13T12:18:40","date_gmt":"2017-10-13T12:18:40","guid":{"rendered":"http:\/\/www.legalconsult.cz\/?page_id=207"},"modified":"2022-10-21T18:10:38","modified_gmt":"2022-10-21T18:10:38","slug":"poverenec-pro-ochranu-osobnich-udaju","status":"publish","type":"page","link":"https:\/\/www.legalconsult.cz\/index.php\/poverenec-pro-ochranu-osobnich-udaju\/","title":{"rendered":"Pr\u00e1vn\u00ed pomoc ve v\u011bcech s mezin\u00e1rodn\u00edm prvkem"},"content":{"rendered":"<h3 style=\"padding-top: 1.5em;\"><span style=\"color: #333399;\"><span style=\"caret-color: #333399;\">Poskytuji pr\u00e1vn\u00ed pomoc ve v\u011bcech s mezin\u00e1rodn\u00edm prvkem<\/span><\/span><\/h3>\n<ul>\n<li>p\u0159evod nemovitost\u00ed nach\u00e1zej\u00edc\u00edch se na Slovensku<\/li>\n<li>d\u011bdick\u00e9 \u0159\u00edzen\u00ed s mezin\u00e1rodn\u00edm prvkem<\/li>\n<li>uzn\u00e1van\u00ed ciz\u00edch rozhodnut\u00ed<\/li>\n<li>pr\u00e1vn\u00ed pomoc p\u0159i soudn\u00edm v\u00fdkonu ciz\u00edch rozhodnut\u00ed<\/li>\n<li>nesporn\u00e1 smluvn\u00ed agenda v r\u00e1mci rodinn\u011bpr\u00e1vn\u00ed problematiky s p\u0159\u00edtomnost\u00ed mezin\u00e1rodn\u00edho prvku<\/li>\n<li>\u0159\u00edzen\u00ed o ud\u011blen\u00ed st\u00e1tn\u00edho ob\u010danstv\u00ed cizinci v \u010cR<\/li>\n<\/ul>\n<p><span style=\"font-size: 1rem;\">Ze sporov\u00e9 agendy se v\u011bnuji pouze uplatn\u011bn\u00ed pohled\u00e1vek ve slovensk\u00e9m pr\u00e1vn\u00edm prost\u0159ed\u00ed.<\/span><\/p>\n<h3><span style=\"color: #333399;\">Kontaktujte m\u011b s konkr\u00e9tn\u00edm po\u017eadavkem.&nbsp; &nbsp; &nbsp; &nbsp; &nbsp; &nbsp; R\u00e1da V\u00e1m sd\u011bl\u00edm, jak m\u016f\u017eeme spolupracovat.<\/span><\/h3>\n<h3><\/h3>\n","protected":false},"excerpt":{"rendered":"<p>Poskytuji pr\u00e1vn\u00ed pomoc ve v\u011bcech s mezin\u00e1rodn\u00edm prvkem p\u0159evod nemovitost\u00ed nach\u00e1zej\u00edc\u00edch se na Slovensku d\u011bdick\u00e9 \u0159\u00edzen\u00ed s mezin\u00e1rodn\u00edm prvkem uzn\u00e1van\u00ed ciz\u00edch rozhodnut\u00ed pr\u00e1vn\u00ed pomoc p\u0159i soudn\u00edm v\u00fdkonu ciz\u00edch rozhodnut\u00ed nesporn\u00e1 smluvn\u00ed agenda v r\u00e1mci rodinn\u011bpr\u00e1vn\u00ed problematiky s p\u0159\u00edtomnost\u00ed mezin\u00e1rodn\u00edho prvku \u0159\u00edzen\u00ed o ud\u011blen\u00ed st\u00e1tn\u00edho ob\u010danstv\u00ed cizinci v \u010cR Ze sporov\u00e9 agendy se v\u011bnuji pouze uplatn\u011bn\u00ed [&hellip;]<\/p>\n","protected":false},"author":1,"featured_media":0,"parent":0,"menu_order":0,"comment_status":"closed","ping_status":"closed","template":"","meta":{"ocean_post_layout":"full-screen","ocean_both_sidebars_style":"","ocean_both_sidebars_content_width":0,"ocean_both_sidebars_sidebars_width":0,"ocean_sidebar":"0","ocean_second_sidebar":"0","ocean_disable_margins":"enable","ocean_add_body_class":"","ocean_shortcode_before_top_bar":"","ocean_shortcode_after_top_bar":"","ocean_shortcode_before_header":"","ocean_shortcode_after_header":"","ocean_has_shortcode":"","ocean_shortcode_after_title":"","ocean_shortcode_before_footer_widgets":"","ocean_shortcode_after_footer_widgets":"","ocean_shortcode_before_footer_bottom":"","ocean_shortcode_after_footer_bottom":"","ocean_display_top_bar":"off","ocean_display_header":"default","ocean_header_style":"","ocean_center_header_left_menu":"0","ocean_custom_header_template":"0","ocean_custom_logo":0,"ocean_custom_retina_logo":0,"ocean_custom_logo_max_width":0,"ocean_custom_logo_tablet_max_width":0,"ocean_custom_logo_mobile_max_width":0,"ocean_custom_logo_max_height":0,"ocean_custom_logo_tablet_max_height":0,"ocean_custom_logo_mobile_max_height":0,"ocean_header_custom_menu":"0","ocean_menu_typo_font_family":"0","ocean_menu_typo_font_subset":"","ocean_menu_typo_font_size":0,"ocean_menu_typo_font_size_tablet":0,"ocean_menu_typo_font_size_mobile":0,"ocean_menu_typo_font_size_unit":"px","ocean_menu_typo_font_weight":"","ocean_menu_typo_font_weight_tablet":"","ocean_menu_typo_font_weight_mobile":"","ocean_menu_typo_transform":"","ocean_menu_typo_transform_tablet":"","ocean_menu_typo_transform_mobile":"","ocean_menu_typo_line_height":0,"ocean_menu_typo_line_height_tablet":0,"ocean_menu_typo_line_height_mobile":0,"ocean_menu_typo_line_height_unit":"","ocean_menu_typo_spacing":0,"ocean_menu_typo_spacing_tablet":0,"ocean_menu_typo_spacing_mobile":0,"ocean_menu_typo_spacing_unit":"","ocean_menu_link_color":"","ocean_menu_link_color_hover":"","ocean_menu_link_color_active":"","ocean_menu_link_background":"","ocean_menu_link_hover_background":"","ocean_menu_link_active_background":"","ocean_menu_social_links_bg":"","ocean_menu_social_hover_links_bg":"","ocean_menu_social_links_color":"","ocean_menu_social_hover_links_color":"","ocean_disable_title":"on","ocean_disable_heading":"default","ocean_post_title":"","ocean_post_subheading":"","ocean_post_title_style":"","ocean_post_title_background_color":"","ocean_post_title_background":0,"ocean_post_title_bg_image_position":"","ocean_post_title_bg_image_attachment":"","ocean_post_title_bg_image_repeat":"","ocean_post_title_bg_image_size":"","ocean_post_title_height":0,"ocean_post_title_bg_overlay":0.5,"ocean_post_title_bg_overlay_color":"","ocean_disable_breadcrumbs":"default","ocean_breadcrumbs_color":"","ocean_breadcrumbs_separator_color":"","ocean_breadcrumbs_links_color":"","ocean_breadcrumbs_links_hover_color":"","ocean_display_footer_widgets":"off","ocean_display_footer_bottom":"off","ocean_custom_footer_template":"0","footnotes":""},"class_list":["post-207","page","type-page","status-publish","hentry","entry"],"_links":{"self":[{"href":"https:\/\/www.legalconsult.cz\/index.php\/wp-json\/wp\/v2\/pages\/207","targetHints":{"allow":["GET"]}}],"collection":[{"href":"https:\/\/www.legalconsult.cz\/index.php\/wp-json\/wp\/v2\/pages"}],"about":[{"href":"https:\/\/www.legalconsult.cz\/index.php\/wp-json\/wp\/v2\/types\/page"}],"author":[{"embeddable":true,"href":"https:\/\/www.legalconsult.cz\/index.php\/wp-json\/wp\/v2\/users\/1"}],"replies":[{"embeddable":true,"href":"https:\/\/www.legalconsult.cz\/index.php\/wp-json\/wp\/v2\/comments?post=207"}],"version-history":[{"count":31,"href":"https:\/\/www.legalconsult.cz\/index.php\/wp-json\/wp\/v2\/pages\/207\/revisions"}],"predecessor-version":[{"id":475,"href":"https:\/\/www.legalconsult.cz\/index.php\/wp-json\/wp\/v2\/pages\/207\/revisions\/475"}],"wp:attachment":[{"href":"https:\/\/www.legalconsult.cz\/index.php\/wp-json\/wp\/v2\/media?parent=207"}],"curies":[{"name":"wp","href":"https:\/\/api.w.org\/{rel}","templated":true}]}}